{"id":15,"date":"2019-12-16T20:24:21","date_gmt":"2019-12-16T20:24:21","guid":{"rendered":"https:\/\/wordpress-theme.spider-themes.net\/docly\/?page_id=15"},"modified":"2023-11-30T15:56:38","modified_gmt":"2023-11-30T18:56:38","slug":"home-cool","status":"publish","type":"page","link":"https:\/\/ajuda.renv.com.br\/","title":{"rendered":"Home Cool"},"content":{"rendered":"\t\t<div data-elementor-type=\"wp-page\" data-elementor-id=\"15\" class=\"elementor elementor-15\" data-elementor-post-type=\"page\">\n\t\t\t\t\t\t\t\t\t<section class=\"elementor-section elementor-top-section elementor-element elementor-element-58f1627 elementor-section-full_width elementor-section-height-default elementor-section-height-default\" data-id=\"58f1627\" data-element_type=\"section\">\n\t\t\t\t\t\t<div class=\"elementor-container elementor-column-gap-no\">\n\t\t\t\t\t<div class=\"elementor-column elementor-col-100 elementor-top-column elementor-element elementor-element-4120c83\" data-id=\"4120c83\" data-element_type=\"column\">\n\t\t\t<div class=\"elementor-widget-wrap elementor-element-populated\">\n\t\t\t\t\t\t\t\t<div class=\"elementor-element elementor-element-d412d79 elementor-widget elementor-widget-docly_hero\" data-id=\"d412d79\" data-element_type=\"widget\" data-widget_type=\"docly_hero.default\">\n\t\t\t\t<div class=\"elementor-widget-container\">\n\t\t\t<section class=\"doc_banner_area_one\">\r\n            <img decoding=\"async\" class=\"dark\" src=\"https:\/\/ajuda.renv.com.br\/wp-content\/plugins\/docly-core\/widgets\/hero\/images\/wave_one.svg\" alt=\"Wave\">\r\n        <img decoding=\"async\" class=\"dark_two\" src=\"https:\/\/ajuda.renv.com.br\/wp-content\/plugins\/docly-core\/widgets\/hero\/images\/wave_two.svg\" alt=\"Wave\">\r\n        <img src='https:\/\/ajuda.renv.com.br\/wp-content\/plugins\/docly-core\/widgets\/hero\/images\/star.png' class='p_absolute star_one' alt='Star illustration'><img src='https:\/\/ajuda.renv.com.br\/wp-content\/plugins\/docly-core\/widgets\/hero\/images\/star.png' class='p_absolute star_two' alt='Star illustration'><img src='https:\/\/ajuda.renv.com.br\/wp-content\/plugins\/docly-core\/widgets\/hero\/images\/star.png' class='p_absolute star_three' alt='Star illustration'><img src='https:\/\/ajuda.renv.com.br\/wp-content\/plugins\/docly-core\/widgets\/hero\/images\/b_man.png' class='p_absolute one wow fadeInLeft' alt='Man illustration'><img src='https:\/\/ajuda.renv.com.br\/wp-content\/plugins\/docly-core\/widgets\/hero\/images\/b_man_two.png' class='p_absolute two wow fadeInRight' alt='Man illustration'><img src='https:\/\/ajuda.renv.com.br\/wp-content\/plugins\/docly-core\/widgets\/hero\/images\/flower.png' class='p_absolute three wow fadeInUp' alt='Flower illustration'><img src='https:\/\/ajuda.renv.com.br\/wp-content\/plugins\/docly-core\/widgets\/hero\/images\/girl_img.png' class='p_absolute four wow fadeInRight' alt='Girl illustration'><img src='https:\/\/ajuda.renv.com.br\/wp-content\/plugins\/docly-core\/widgets\/hero\/images\/file.png' class='p_absolute five wow fadeIn' alt='File illustration'><img src='https:\/\/ajuda.renv.com.br\/wp-content\/plugins\/docly-core\/widgets\/hero\/images\/v.svg' class='p_absolute bl_left' alt='File illustration'><img src='https:\/\/ajuda.renv.com.br\/wp-content\/plugins\/docly-core\/widgets\/hero\/images\/b_leaf.svg' class='p_absolute bl_right' alt='File illustration'>\r\n    <div class=\"container\">\r\n        <div class=\"doc_banner_text\">\r\n                            <h2 class=\"wow fadeInUp\" data-wow-delay=\"0.3s\">\r\n                    Ol\u00e1, como podemos ajud\u00e1-lo?                <\/h2>\r\n                                        <p class=\"wow fadeInUp\" data-wow-delay=\"0.5s\">Digite o termo da sua d\u00favida ou escolha um t\u00f3pico abaixo<\/p>\r\n                        <form action=\"https:\/\/ajuda.renv.com.br\/\" role=\"search\" method=\"get\" class=\"banner_search_form focused-form\">\r\n                <div class=\"input-group\">\r\n                    <input type=\"search\" name=\"s\" id=\"searchInput\" class=\"form-control\" placeholder=\"Digite aqui...\" autocomplete=\"off\">\r\n                 \r\n                    <input type=\"hidden\" name=\"post_type[]\" value=\"docs\" \/>\r\n                    <input type=\"hidden\" name=\"post_type[]\" value=\"faq\" \/>\r\n\r\n                    <div class=\"input-group-append\">\r\n                        <button type=\"submit\"><i class=\"icon_search\"><\/i><\/button>\r\n                    <\/div>\r\n                <\/div>\r\n                <div id=\"docly-search-result\" data-noresult=\"No Results Found\"><\/div>\r\n                \t<div class=\"header_search_keyword\">\r\n\t\t\t\t\t<span class=\"header-search-form__keywords-label\"> Popular: <\/span>\r\n\t\t\t\t\t\t\t<ul class=\"list-unstyled\">\r\n\t\t\t\t\t\t\t\t\t<li class=\"wow fadeInUp\" data-wow-delay=\"0.2s\">\r\n\t\t\t\t\t\t<a href=\"#\"> Conex\u00f5es <\/a>\r\n\t\t\t\t\t<\/li>\r\n\t\t\t\t\t\t\t\t\t<li class=\"wow fadeInUp\" data-wow-delay=\"0.2s\">\r\n\t\t\t\t\t\t<a href=\"#\"> Cadastro de usu\u00e1rios <\/a>\r\n\t\t\t\t\t<\/li>\r\n\t\t\t\t\t\t\t<\/ul>\r\n\t\t\t<\/div>\r\n            <\/form>\r\n        <\/div>\r\n    <\/div>\r\n<\/section>\t\t<\/div>\n\t\t\t\t<\/div>\n\t\t\t\t\t<\/div>\n\t\t<\/div>\n\t\t\t\t\t\t\t<\/div>\n\t\t<\/section>\n\t\t\t\t<section class=\"elementor-section elementor-top-section elementor-element elementor-element-315faa4 elementor-section-boxed elementor-section-height-default elementor-section-height-default\" data-id=\"315faa4\" data-element_type=\"section\">\n\t\t\t\t\t\t<div class=\"elementor-container elementor-column-gap-default\">\n\t\t\t\t\t<div class=\"elementor-column elementor-col-100 elementor-top-column elementor-element elementor-element-d8f8e59\" data-id=\"d8f8e59\" data-element_type=\"column\">\n\t\t\t<div class=\"elementor-widget-wrap elementor-element-populated\">\n\t\t\t\t\t\t\t\t<div class=\"elementor-element elementor-element-c65517e elementor-widget elementor-widget-heading\" data-id=\"c65517e\" data-element_type=\"widget\" data-widget_type=\"heading.default\">\n\t\t\t\t<div class=\"elementor-widget-container\">\n\t\t\t<style>\/*! elementor - v3.17.0 - 08-11-2023 *\/\n.elementor-heading-title{padding:0;margin:0;line-height:1}.elementor-widget-heading .elementor-heading-title[class*=elementor-size-]>a{color:inherit;font-size:inherit;line-height:inherit}.elementor-widget-heading .elementor-heading-title.elementor-size-small{font-size:15px}.elementor-widget-heading .elementor-heading-title.elementor-size-medium{font-size:19px}.elementor-widget-heading .elementor-heading-title.elementor-size-large{font-size:29px}.elementor-widget-heading .elementor-heading-title.elementor-size-xl{font-size:39px}.elementor-widget-heading .elementor-heading-title.elementor-size-xxl{font-size:59px}<\/style><h2 class=\"elementor-heading-title elementor-size-default\">Principais T\u00f3picos<\/h2>\t\t<\/div>\n\t\t\t\t<\/div>\n\t\t\t\t<div class=\"elementor-element elementor-element-486bdbe elementor-widget elementor-widget-Docly_docs\" data-id=\"486bdbe\" data-element_type=\"widget\" data-widget_type=\"Docly_docs.default\">\n\t\t\t\t<div class=\"elementor-widget-container\">\n\t\t\t<section class=\"doc_tag_area\">\r\n    <ul class=\"nav nav-tabs doc_tag\" id=\"myTab\" role=\"tablist\">\r\n                            <li class=\"nav-item\">\r\n                        <a href='#doc-docly-documentation' aria-controls='doc-docly-documentation' id=\"docly-documentation-tab\" class=\"nav-link active\" data-bs-toggle=\"tab\">\r\n                            Tutoriais                        <\/a>\r\n                    <\/li>\r\n                        <\/ul>\r\n    <div class=\"tab-content\">\r\n                    <div class=\"tab-pane doc_tab_pane fade show active\" id=\"doc-docly-documentation\" role=\"tabpanel\" aria-labelledby=\"docly-documentation-tab\">\r\n                <div class=\"row\">\r\n                                            <div class=\"col-lg-4 col-sm-6\">\r\n                            <div class=\"doc_tag_item\">\r\n                                                                    <div class=\"doc_tag_title\">\r\n                                        <h4>Lista de Scripts<\/h4>\r\n                                        <div class=\"line\"><\/div>\r\n                                    <\/div>\r\n                                                                                                    <ul class=\"list-unstyled tag_list\">\r\n                                                                                    <li>\r\n                                                <a href=\"https:\/\/ajuda.renv.com.br\/?docs=docly-documentation\/faqs\/how-to-paginate-a-post\">\r\n                                                    <i class=\"icon_document_alt\"><\/i> Abordagem Inicial                                                <\/a>\r\n                                            <\/li>\r\n                                                                                        <li>\r\n                                                <a href=\"https:\/\/ajuda.renv.com.br\/?docs=docly-documentation\/faqs\/how-to-change-author-avatar\">\r\n                                                    <i class=\"icon_document_alt\"><\/i> How to change author avatar?                                                <\/a>\r\n                                            <\/li>\r\n                                                                                        <li>\r\n                                                <a href=\"https:\/\/ajuda.renv.com.br\/?docs=docly-documentation\/faqs\/tutorial-ajuda-5792\">\r\n                                                    <i class=\"icon_document_alt\"><\/i> Tutorial Ajuda                                                <\/a>\r\n                                            <\/li>\r\n                                                                                <\/ul>\r\n                                                                        <a href=\"https:\/\/ajuda.renv.com.br\/?docs=docly-documentation\/faqs\" class=\"learn_btn\">\r\n                                        View All<i class=\"arrow_right\"><\/i>\r\n                                    <\/a>\r\n                                                            <\/div>\r\n                        <\/div>\r\n                                                <div class=\"col-lg-4 col-sm-6\">\r\n                            <div class=\"doc_tag_item\">\r\n                                                                    <div class=\"doc_tag_title\">\r\n                                        <h4>Perguntas frequentes<\/h4>\r\n                                        <div class=\"line\"><\/div>\r\n                                    <\/div>\r\n                                                                                                    <ul class=\"list-unstyled tag_list\">\r\n                                                                                    <li>\r\n                                                <a href=\"https:\/\/ajuda.renv.com.br\/?docs=docly-documentation\/getting-started\/server-requirements\">\r\n                                                    <i class=\"icon_document_alt\"><\/i> Como conectar o WhatsApp?                                                <\/a>\r\n                                            <\/li>\r\n                                                                                        <li>\r\n                                                <a href=\"https:\/\/ajuda.renv.com.br\/?docs=docly-documentation\/getting-started\/plugins-installation\">\r\n                                                    <i class=\"icon_document_alt\"><\/i> Como adicionar usu\u00e1rios?                                                <\/a>\r\n                                            <\/li>\r\n                                                                                        <li>\r\n                                                <a href=\"https:\/\/ajuda.renv.com.br\/?docs=docly-documentation\/getting-started\/theme-installation\">\r\n                                                    <i class=\"icon_document_alt\"><\/i> Como cadastrar\/importa contatos?                                                <\/a>\r\n                                            <\/li>\r\n                                                                                        <li>\r\n                                                <a href=\"https:\/\/ajuda.renv.com.br\/?docs=docly-documentation\/getting-started\/demo-import\">\r\n                                                    <i class=\"icon_document_alt\"><\/i> Como gerenciar atendimentos?                                                <\/a>\r\n                                            <\/li>\r\n                                                                                <\/ul>\r\n                                                                        <a href=\"https:\/\/ajuda.renv.com.br\/?docs=docly-documentation\/getting-started\" class=\"learn_btn\">\r\n                                        View All<i class=\"arrow_right\"><\/i>\r\n                                    <\/a>\r\n                                                            <\/div>\r\n                        <\/div>\r\n                                                <div class=\"col-lg-4 col-sm-6\">\r\n                            <div class=\"doc_tag_item\">\r\n                                                                    <div class=\"doc_tag_title\">\r\n                                        <h4>Atualiza\u00e7\u00f5es<\/h4>\r\n                                        <div class=\"line\"><\/div>\r\n                                    <\/div>\r\n                                                                                                    <ul class=\"list-unstyled tag_list\">\r\n                                                                                    <li>\r\n                                                <a href=\"https:\/\/ajuda.renv.com.br\/?docs=docly-documentation\/atualizacoes-5816\/atualizacao-260124-5818\">\r\n                                                    <i class=\"icon_document_alt\"><\/i> Atualiza\u00e7\u00e3o 260124                                                <\/a>\r\n                                            <\/li>\r\n                                                                                <\/ul>\r\n                                                                        <a href=\"https:\/\/ajuda.renv.com.br\/?docs=docly-documentation\/atualizacoes-5816\" class=\"learn_btn\">\r\n                                        View All<i class=\"arrow_right\"><\/i>\r\n                                    <\/a>\r\n                                                            <\/div>\r\n                        <\/div>\r\n                                        <\/div>\r\n            <\/div>\r\n            <\/div>\r\n<\/section>\t\t<\/div>\n\t\t\t\t<\/div>\n\t\t\t\t\t<\/div>\n\t\t<\/div>\n\t\t\t\t\t\t\t<\/div>\n\t\t<\/section>\n\t\t\t\t<section class=\"elementor-section elementor-top-section elementor-element elementor-element-819ca3e elementor-section-boxed elementor-section-height-default elementor-section-height-default\" data-id=\"819ca3e\" data-element_type=\"section\" data-settings=\"{&quot;background_background&quot;:&quot;classic&quot;}\">\n\t\t\t\t\t\t\t<div class=\"elementor-background-overlay\"><\/div>\n\t\t\t\t\t\t\t<div class=\"elementor-container elementor-column-gap-default\">\n\t\t\t\t\t<div class=\"elementor-column elementor-col-50 elementor-top-column elementor-element elementor-element-502849d\" data-id=\"502849d\" data-element_type=\"column\">\n\t\t\t<div class=\"elementor-widget-wrap elementor-element-populated\">\n\t\t\t\t\t\t\t\t<div class=\"elementor-element elementor-element-255e37e elementor-widget__width-initial elementor-widget elementor-widget-heading\" data-id=\"255e37e\" data-element_type=\"widget\" data-widget_type=\"heading.default\">\n\t\t\t\t<div class=\"elementor-widget-container\">\n\t\t\t<h2 class=\"elementor-heading-title elementor-size-default\">N\u00e3o encontrou o que buscava?<\/h2>\t\t<\/div>\n\t\t\t\t<\/div>\n\t\t\t\t<div class=\"elementor-element elementor-element-e1ae2d2 elementor-widget elementor-widget-text-editor\" data-id=\"e1ae2d2\" data-element_type=\"widget\" data-widget_type=\"text-editor.default\">\n\t\t\t\t<div class=\"elementor-widget-container\">\n\t\t\t<style>\/*! elementor - v3.17.0 - 08-11-2023 *\/\n.elementor-widget-text-editor.elementor-drop-cap-view-stacked .elementor-drop-cap{background-color:#69727d;color:#fff}.elementor-widget-text-editor.elementor-drop-cap-view-framed .elementor-drop-cap{color:#69727d;border:3px solid;background-color:transparent}.elementor-widget-text-editor:not(.elementor-drop-cap-view-default) .elementor-drop-cap{margin-top:8px}.elementor-widget-text-editor:not(.elementor-drop-cap-view-default) .elementor-drop-cap-letter{width:1em;height:1em}.elementor-widget-text-editor .elementor-drop-cap{float:left;text-align:center;line-height:1;font-size:50px}.elementor-widget-text-editor .elementor-drop-cap-letter{display:inline-block}<\/style>\t\t\t\t<p>Entre em contato em nosso WhatsApp!<\/p>\t\t\t\t\t\t<\/div>\n\t\t\t\t<\/div>\n\t\t\t\t\t<\/div>\n\t\t<\/div>\n\t\t\t\t<div class=\"elementor-column elementor-col-50 elementor-top-column elementor-element elementor-element-d96dd2f\" data-id=\"d96dd2f\" data-element_type=\"column\">\n\t\t\t<div class=\"elementor-widget-wrap elementor-element-populated\">\n\t\t\t\t\t\t\t\t<div class=\"elementor-element elementor-element-ee880dd elementor-align-right elementor-mobile-align-center elementor-widget__width-initial elementor-widget elementor-widget-docly_button_icons\" data-id=\"ee880dd\" data-element_type=\"widget\" data-widget_type=\"docly_button_icons.default\">\n\t\t\t\t<div class=\"elementor-widget-container\">\n\t\t\t        <div class=\"docly_btn_w_icon docly-btn-right\">\r\n            <a href=\"https:\/\/wa.me\/558721581801\" class=\"docly-btn action_btn\">\r\n                WhatsApp                <i class=\"arrow_right\"><\/i>\r\n            <\/a>\r\n        <\/div>\r\n        \t\t<\/div>\n\t\t\t\t<\/div>\n\t\t\t\t\t<\/div>\n\t\t<\/div>\n\t\t\t\t\t\t\t<\/div>\n\t\t<\/section>\n\t\t\t\t\t\t\t<\/div>\n\t\t","protected":false},"excerpt":{"rendered":"<p>Ol\u00e1, como podemos ajud\u00e1-lo? Digite o termo da sua d\u00favida ou escolha um t\u00f3pico abaixo Popular: Conex\u00f5es Cadastro de usu\u00e1rios Principais T\u00f3picos Tutoriais Getting Started Server Requirements Theme Installation Demo Import Plugins Installation View All FAQs How to Paginate a Post? How to change author avatar? View All N\u00e3o encontrou o que buscava? Entre em [&hellip;]<\/p>\n","protected":false},"author":1,"featured_media":5143,"parent":0,"menu_order":0,"comment_status":"closed","ping_status":"closed","template":"elementor_header_footer","meta":{"_bbp_topic_count":0,"_bbp_reply_count":0,"_bbp_total_topic_count":0,"_bbp_total_reply_count":0,"_bbp_voice_count":0,"_bbp_anonymous_reply_count":0,"_bbp_topic_count_hidden":0,"_bbp_reply_count_hidden":0,"_bbp_forum_subforum_count":0,"footnotes":""},"acf":[],"_links":{"self":[{"href":"https:\/\/ajuda.renv.com.br\/index.php?rest_route=\/wp\/v2\/pages\/15"}],"collection":[{"href":"https:\/\/ajuda.renv.com.br\/index.php?rest_route=\/wp\/v2\/pages"}],"about":[{"href":"https:\/\/ajuda.renv.com.br\/index.php?rest_route=\/wp\/v2\/types\/page"}],"author":[{"embeddable":true,"href":"https:\/\/ajuda.renv.com.br\/index.php?rest_route=\/wp\/v2\/users\/1"}],"replies":[{"embeddable":true,"href":"https:\/\/ajuda.renv.com.br\/index.php?rest_route=%2Fwp%2Fv2%2Fcomments&post=15"}],"version-history":[{"count":19,"href":"https:\/\/ajuda.renv.com.br\/index.php?rest_route=\/wp\/v2\/pages\/15\/revisions"}],"predecessor-version":[{"id":5742,"href":"https:\/\/ajuda.renv.com.br\/index.php?rest_route=\/wp\/v2\/pages\/15\/revisions\/5742"}],"wp:featuredmedia":[{"embeddable":true,"href":"https:\/\/ajuda.renv.com.br\/index.php?rest_route=\/wp\/v2\/media\/5143"}],"wp:attachment":[{"href":"https:\/\/ajuda.renv.com.br\/index.php?rest_route=%2Fwp%2Fv2%2Fmedia&parent=15"}],"curies":[{"name":"wp","href":"https:\/\/api.w.org\/{rel}","templated":true}]}}